{"id":1024,"date":"2020-02-17T19:40:50","date_gmt":"2020-02-17T19:40:50","guid":{"rendered":"http:\/\/sanomedrezum.com\/?page_id=1024"},"modified":"2020-02-17T19:45:59","modified_gmt":"2020-02-17T19:45:59","slug":"consultation-urologie","status":"publish","type":"page","link":"https:\/\/sanomedrezum.com\/fr\/consultation-urologie\/","title":{"rendered":"Consultation urologie"},"content":{"rendered":"\t\t<div data-elementor-type=\"wp-page\" data-elementor-id=\"1024\" class=\"elementor elementor-1024\" data-elementor-post-type=\"page\">\n\t\t\t\t\t\t<section class=\"elementor-section elementor-top-section elementor-element elementor-element-af57d04 elementor-section-content-middle elementor-section-boxed elementor-section-height-default elementor-section-height-default\" data-id=\"af57d04\" data-element_type=\"section\" data-e-type=\"section\" data-settings=\"{&quot;background_background&quot;:&quot;classic&quot;}\">\n\t\t\t\t\t\t\t<div class=\"elementor-background-overlay\"><\/div>\n\t\t\t\t\t\t\t<div class=\"elementor-container elementor-column-gap-default\">\n\t\t\t\t\t<div class=\"elementor-column elementor-col-100 elementor-top-column elementor-element elementor-element-e6054d9\" data-id=\"e6054d9\" data-element_type=\"column\" data-e-type=\"column\">\n\t\t\t<div class=\"elementor-widget-wrap\">\n\t\t\t\t\t\t\t<\/div>\n\t\t<\/div>\n\t\t\t\t\t<\/div>\n\t\t<\/section>\n\t\t\t\t<section class=\"elementor-section elementor-top-section elementor-element elementor-element-277256d8 elementor-section-boxed elementor-section-height-default elementor-section-height-default\" data-id=\"277256d8\" data-element_type=\"section\" data-e-type=\"section\">\n\t\t\t\t\t\t<div class=\"elementor-container elementor-column-gap-wide\">\n\t\t\t\t\t<div class=\"elementor-column elementor-col-100 elementor-top-column elementor-element elementor-element-36261659\" data-id=\"36261659\" data-element_type=\"column\" data-e-type=\"column\">\n\t\t\t<div class=\"elementor-widget-wrap elementor-element-populated\">\n\t\t\t\t\t\t<div class=\"elementor-element elementor-element-4f5b069a elementor-widget elementor-widget-uael-advanced-heading\" data-id=\"4f5b069a\" data-element_type=\"widget\" data-e-type=\"widget\" data-widget_type=\"uael-advanced-heading.default\">\n\t\t\t\t<div class=\"elementor-widget-container\">\n\t\t\t\t\t\n\t\t<div class=\"uael-module-content uael-heading-wrapper\">\n\t\t\t\t\t\t\n\t\t\t<h1 class=\"uael-heading\">\n\t\t\t\t\t\t\t\t\t\t<span class=\"uael-heading-text elementor-inline-editing uael-size--default\" data-elementor-setting-key=\"heading_title\" data-elementor-inline-editing-toolbar=\"basic\">Consultation en urologie - prochaines \u00e9tapes<\/span>\n\t\t\t\t\t\t\t<\/h1>\n\n\t\t\t\n\t\t\t\t\t\t<div class=\"uael-module-content uael-separator-parent\">\n\t\t\t\t\t\t\t\t\t\t\t\t\t<div class=\"uael-separator\"><\/div>\n\t\t\t\t\t\t\t<\/div>\n\t\t\t\n\t\t\t\n\t\t\t\t\t\t<\/div>\n\t\t\t\t\t\t<\/div>\n\t\t\t\t<\/div>\n\t\t\t\t<div class=\"elementor-element elementor-element-77d41235 elementor-widget elementor-widget-text-editor\" data-id=\"77d41235\" data-element_type=\"widget\" data-e-type=\"widget\" data-widget_type=\"text-editor.default\">\n\t\t\t\t<div class=\"elementor-widget-container\">\n\t\t\t\t\t\t\t\t\t<p>Pour les consultations d&rsquo;urologie g\u00e9n\u00e9rale ou pour l&rsquo;une des proc\u00e9dures sp\u00e9cifiques \u00e9num\u00e9r\u00e9es ci-dessous, veuillez appeler le service des m\u00e9decins sp\u00e9cialistes du Brunswick au<br \/><a style=\"color: #00577f;\" href=\"tel:514-459-3199\">514-459-3199<\/a>.<\/p><p>Le num\u00e9ro de fax pour la transmission de r\u00e9f\u00e9rence est le 514-459-3430.<\/p><p>Services offerts<\/p><ul><li>Consultation d&rsquo;urologie g\u00e9n\u00e9rale<\/li><li>Vasectomie<\/li><li>Circoncision<\/li><li>Biopsie de la prostate<\/li><li>Chirurgie scrotale<\/li><\/ul><p>\u00a0<\/p><p>Pour les rendez-vous de th\u00e9rapie BPH \/ REZUM uniquement, <a style=\"color: #00577f;\" href=\"https:\/\/sanomedrezum.com\/fr\/rdv\/\">veuillez utiliser le formulaire de rendez-vous en ligne.<\/a><\/p>\t\t\t\t\t\t\t\t<\/div>\n\t\t\t\t<\/div>\n\t\t\t\t\t<\/div>\n\t\t<\/div>\n\t\t\t\t\t<\/div>\n\t\t<\/section>\n\t\t\t\t<\/div>\n\t\t","protected":false},"excerpt":{"rendered":"<p>Consultation en urologie &#8211; prochaines \u00e9tapes Pour les consultations d&rsquo;urologie g\u00e9n\u00e9rale ou pour l&rsquo;une des proc\u00e9dures sp\u00e9cifiques \u00e9num\u00e9r\u00e9es ci-dessous, veuillez appeler le service des m\u00e9decins sp\u00e9cialistes du Brunswick au514-459-3199. Le num\u00e9ro de fax pour la transmission de r\u00e9f\u00e9rence est le 514-459-3430. Services offerts Consultation d&rsquo;urologie g\u00e9n\u00e9rale Vasectomie Circoncision Biopsie de la prostate Chirurgie scrotale \u00a0 [&hellip;]<\/p>\n","protected":false},"author":1,"featured_media":0,"parent":0,"menu_order":0,"comment_status":"closed","ping_status":"closed","template":"elementor_header_footer","meta":{"footnotes":""},"class_list":["post-1024","page","type-page","status-publish","hentry"],"yoast_head":"<!-- This site is optimized with the Yoast SEO plugin v27.4 - https:\/\/yoast.com\/product\/yoast-seo-wordpress\/ -->\n<title>Consultation urologie - Sanomed Rezum<\/title>\n<meta name=\"robots\" content=\"index, follow, max-snippet:-1, max-image-preview:large, max-video-preview:-1\" \/>\n<link rel=\"canonical\" href=\"https:\/\/sanomedrezum.com\/fr\/consultation-urologie\/\" \/>\n<meta property=\"og:locale\" content=\"fr_FR\" \/>\n<meta property=\"og:type\" content=\"article\" \/>\n<meta property=\"og:title\" content=\"Consultation urologie - Sanomed Rezum\" \/>\n<meta property=\"og:description\" content=\"Consultation en urologie &#8211; prochaines \u00e9tapes Pour les consultations d&rsquo;urologie g\u00e9n\u00e9rale ou pour l&rsquo;une des proc\u00e9dures sp\u00e9cifiques \u00e9num\u00e9r\u00e9es ci-dessous, veuillez appeler le service des m\u00e9decins sp\u00e9cialistes du Brunswick au514-459-3199. Le num\u00e9ro de fax pour la transmission de r\u00e9f\u00e9rence est le 514-459-3430. Services offerts Consultation d&rsquo;urologie g\u00e9n\u00e9rale Vasectomie Circoncision Biopsie de la prostate Chirurgie scrotale \u00a0 [&hellip;]\" \/>\n<meta property=\"og:url\" content=\"https:\/\/sanomedrezum.com\/fr\/consultation-urologie\/\" \/>\n<meta property=\"og:site_name\" content=\"Sanomed Rezum\" \/>\n<meta property=\"article:modified_time\" content=\"2020-02-17T19:45:59+00:00\" \/>\n<meta name=\"twitter:card\" content=\"summary_large_image\" \/>\n<script type=\"application\/ld+json\" class=\"yoast-schema-graph\">{\"@context\":\"https:\\\/\\\/schema.org\",\"@graph\":[{\"@type\":\"WebPage\",\"@id\":\"https:\\\/\\\/sanomedrezum.com\\\/fr\\\/consultation-urologie\\\/\",\"url\":\"https:\\\/\\\/sanomedrezum.com\\\/fr\\\/consultation-urologie\\\/\",\"name\":\"Consultation urologie - Sanomed Rezum\",\"isPartOf\":{\"@id\":\"https:\\\/\\\/sanomedrezum.com\\\/#website\"},\"datePublished\":\"2020-02-17T19:40:50+00:00\",\"dateModified\":\"2020-02-17T19:45:59+00:00\",\"breadcrumb\":{\"@id\":\"https:\\\/\\\/sanomedrezum.com\\\/fr\\\/consultation-urologie\\\/#breadcrumb\"},\"inLanguage\":\"fr-FR\",\"potentialAction\":[{\"@type\":\"ReadAction\",\"target\":[\"https:\\\/\\\/sanomedrezum.com\\\/fr\\\/consultation-urologie\\\/\"]}]},{\"@type\":\"BreadcrumbList\",\"@id\":\"https:\\\/\\\/sanomedrezum.com\\\/fr\\\/consultation-urologie\\\/#breadcrumb\",\"itemListElement\":[{\"@type\":\"ListItem\",\"position\":1,\"name\":\"Home\",\"item\":\"https:\\\/\\\/sanomedrezum.com\\\/\"},{\"@type\":\"ListItem\",\"position\":2,\"name\":\"Consultation urologie\"}]},{\"@type\":\"WebSite\",\"@id\":\"https:\\\/\\\/sanomedrezum.com\\\/#website\",\"url\":\"https:\\\/\\\/sanomedrezum.com\\\/\",\"name\":\"Sanomed Rez\u016bm\",\"description\":\"Sanomed Rezum\",\"publisher\":{\"@id\":\"https:\\\/\\\/sanomedrezum.com\\\/#organization\"},\"potentialAction\":[{\"@type\":\"SearchAction\",\"target\":{\"@type\":\"EntryPoint\",\"urlTemplate\":\"https:\\\/\\\/sanomedrezum.com\\\/?s={search_term_string}\"},\"query-input\":{\"@type\":\"PropertyValueSpecification\",\"valueRequired\":true,\"valueName\":\"search_term_string\"}}],\"inLanguage\":\"fr-FR\"},{\"@type\":\"Organization\",\"@id\":\"https:\\\/\\\/sanomedrezum.com\\\/#organization\",\"name\":\"SanoMed Rez\u016bm\",\"url\":\"https:\\\/\\\/sanomedrezum.com\\\/\",\"logo\":{\"@type\":\"ImageObject\",\"inLanguage\":\"fr-FR\",\"@id\":\"https:\\\/\\\/sanomedrezum.com\\\/#\\\/schema\\\/logo\\\/image\\\/\",\"url\":\"https:\\\/\\\/sanomedrezum.com\\\/wp-content\\\/uploads\\\/2019\\\/07\\\/sanomed-rezum-logo.png\",\"contentUrl\":\"https:\\\/\\\/sanomedrezum.com\\\/wp-content\\\/uploads\\\/2019\\\/07\\\/sanomed-rezum-logo.png\",\"width\":474,\"height\":137,\"caption\":\"SanoMed Rez\u016bm\"},\"image\":{\"@id\":\"https:\\\/\\\/sanomedrezum.com\\\/#\\\/schema\\\/logo\\\/image\\\/\"}}]}<\/script>\n<!-- \/ Yoast SEO plugin. -->","yoast_head_json":{"title":"Consultation urologie - Sanomed Rezum","robots":{"index":"index","follow":"follow","max-snippet":"max-snippet:-1","max-image-preview":"max-image-preview:large","max-video-preview":"max-video-preview:-1"},"canonical":"https:\/\/sanomedrezum.com\/fr\/consultation-urologie\/","og_locale":"fr_FR","og_type":"article","og_title":"Consultation urologie - Sanomed Rezum","og_description":"Consultation en urologie &#8211; prochaines \u00e9tapes Pour les consultations d&rsquo;urologie g\u00e9n\u00e9rale ou pour l&rsquo;une des proc\u00e9dures sp\u00e9cifiques \u00e9num\u00e9r\u00e9es ci-dessous, veuillez appeler le service des m\u00e9decins sp\u00e9cialistes du Brunswick au514-459-3199. Le num\u00e9ro de fax pour la transmission de r\u00e9f\u00e9rence est le 514-459-3430. Services offerts Consultation d&rsquo;urologie g\u00e9n\u00e9rale Vasectomie Circoncision Biopsie de la prostate Chirurgie scrotale \u00a0 [&hellip;]","og_url":"https:\/\/sanomedrezum.com\/fr\/consultation-urologie\/","og_site_name":"Sanomed Rezum","article_modified_time":"2020-02-17T19:45:59+00:00","twitter_card":"summary_large_image","schema":{"@context":"https:\/\/schema.org","@graph":[{"@type":"WebPage","@id":"https:\/\/sanomedrezum.com\/fr\/consultation-urologie\/","url":"https:\/\/sanomedrezum.com\/fr\/consultation-urologie\/","name":"Consultation urologie - Sanomed Rezum","isPartOf":{"@id":"https:\/\/sanomedrezum.com\/#website"},"datePublished":"2020-02-17T19:40:50+00:00","dateModified":"2020-02-17T19:45:59+00:00","breadcrumb":{"@id":"https:\/\/sanomedrezum.com\/fr\/consultation-urologie\/#breadcrumb"},"inLanguage":"fr-FR","potentialAction":[{"@type":"ReadAction","target":["https:\/\/sanomedrezum.com\/fr\/consultation-urologie\/"]}]},{"@type":"BreadcrumbList","@id":"https:\/\/sanomedrezum.com\/fr\/consultation-urologie\/#breadcrumb","itemListElement":[{"@type":"ListItem","position":1,"name":"Home","item":"https:\/\/sanomedrezum.com\/"},{"@type":"ListItem","position":2,"name":"Consultation urologie"}]},{"@type":"WebSite","@id":"https:\/\/sanomedrezum.com\/#website","url":"https:\/\/sanomedrezum.com\/","name":"Sanomed Rez\u016bm","description":"Sanomed Rezum","publisher":{"@id":"https:\/\/sanomedrezum.com\/#organization"},"potentialAction":[{"@type":"SearchAction","target":{"@type":"EntryPoint","urlTemplate":"https:\/\/sanomedrezum.com\/?s={search_term_string}"},"query-input":{"@type":"PropertyValueSpecification","valueRequired":true,"valueName":"search_term_string"}}],"inLanguage":"fr-FR"},{"@type":"Organization","@id":"https:\/\/sanomedrezum.com\/#organization","name":"SanoMed Rez\u016bm","url":"https:\/\/sanomedrezum.com\/","logo":{"@type":"ImageObject","inLanguage":"fr-FR","@id":"https:\/\/sanomedrezum.com\/#\/schema\/logo\/image\/","url":"https:\/\/sanomedrezum.com\/wp-content\/uploads\/2019\/07\/sanomed-rezum-logo.png","contentUrl":"https:\/\/sanomedrezum.com\/wp-content\/uploads\/2019\/07\/sanomed-rezum-logo.png","width":474,"height":137,"caption":"SanoMed Rez\u016bm"},"image":{"@id":"https:\/\/sanomedrezum.com\/#\/schema\/logo\/image\/"}}]}},"_links":{"self":[{"href":"https:\/\/sanomedrezum.com\/fr\/wp-json\/wp\/v2\/pages\/1024","targetHints":{"allow":["GET"]}}],"collection":[{"href":"https:\/\/sanomedrezum.com\/fr\/wp-json\/wp\/v2\/pages"}],"about":[{"href":"https:\/\/sanomedrezum.com\/fr\/wp-json\/wp\/v2\/types\/page"}],"author":[{"embeddable":true,"href":"https:\/\/sanomedrezum.com\/fr\/wp-json\/wp\/v2\/users\/1"}],"replies":[{"embeddable":true,"href":"https:\/\/sanomedrezum.com\/fr\/wp-json\/wp\/v2\/comments?post=1024"}],"version-history":[{"count":3,"href":"https:\/\/sanomedrezum.com\/fr\/wp-json\/wp\/v2\/pages\/1024\/revisions"}],"predecessor-version":[{"id":1027,"href":"https:\/\/sanomedrezum.com\/fr\/wp-json\/wp\/v2\/pages\/1024\/revisions\/1027"}],"wp:attachment":[{"href":"https:\/\/sanomedrezum.com\/fr\/wp-json\/wp\/v2\/media?parent=1024"}],"curies":[{"name":"wp","href":"https:\/\/api.w.org\/{rel}","templated":true}]}}