{"id":712,"date":"2019-07-09T21:01:24","date_gmt":"2019-07-09T21:01:24","guid":{"rendered":"http:\/\/sanomedrezum.com\/?page_id=712"},"modified":"2024-09-19T18:14:15","modified_gmt":"2024-09-19T18:14:15","slug":"rdv","status":"publish","type":"page","link":"https:\/\/sanomedrezum.com\/fr\/rdv\/","title":{"rendered":"Rendez-vous"},"content":{"rendered":"\t\t<div data-elementor-type=\"wp-post\" data-elementor-id=\"712\" class=\"elementor elementor-712 elementor-29\" data-elementor-post-type=\"page\">\n\t\t\t\t\t\t<section class=\"elementor-section elementor-top-section elementor-element elementor-element-6f2b65c elementor-section-boxed elementor-section-height-default elementor-section-height-default\" data-id=\"6f2b65c\" data-element_type=\"section\" data-e-type=\"section\">\n\t\t\t\t\t\t<div class=\"elementor-container elementor-column-gap-default\">\n\t\t\t\t\t<div class=\"elementor-column elementor-col-33 elementor-top-column elementor-element elementor-element-1fd1001\" data-id=\"1fd1001\" data-element_type=\"column\" data-e-type=\"column\">\n\t\t\t<div class=\"elementor-widget-wrap\">\n\t\t\t\t\t\t\t<\/div>\n\t\t<\/div>\n\t\t\t\t<div class=\"elementor-column elementor-col-33 elementor-top-column elementor-element elementor-element-d81e0d5\" data-id=\"d81e0d5\" data-element_type=\"column\" data-e-type=\"column\">\n\t\t\t<div class=\"elementor-widget-wrap elementor-element-populated\">\n\t\t\t\t\t\t<div class=\"elementor-element elementor-element-d360082 elementor-widget elementor-widget-heading\" data-id=\"d360082\" data-element_type=\"widget\" data-e-type=\"widget\" data-widget_type=\"heading.default\">\n\t\t\t\t<div class=\"elementor-widget-container\">\n\t\t\t\t\t<h1 class=\"elementor-heading-title elementor-size-default\">Demande de rendez-vous<\/h1>\t\t\t\t<\/div>\n\t\t\t\t<\/div>\n\t\t\t\t<div class=\"elementor-element elementor-element-bd858b6 elementor-widget elementor-widget-heading\" data-id=\"bd858b6\" data-element_type=\"widget\" data-e-type=\"widget\" data-widget_type=\"heading.default\">\n\t\t\t\t<div class=\"elementor-widget-container\">\n\t\t\t\t\t<p class=\"elementor-heading-title elementor-size-default\">Veuillez compl\u00e9ter ce formulaire et nous vous rappellerons pour vous expliquer les \u00e9tapes \u00e0 suivre et vous confirmer votre rendez-vous. Merci.<\/p>\t\t\t\t<\/div>\n\t\t\t\t<\/div>\n\t\t\t\t<div class=\"elementor-element elementor-element-13ec576 elementor-widget elementor-widget-text-editor\" data-id=\"13ec576\" data-element_type=\"widget\" data-e-type=\"widget\" data-widget_type=\"text-editor.default\">\n\t\t\t\t<div class=\"elementor-widget-container\">\n\t\t\t\t\t\t\t\t\t <iframe\n      id=\"JotFormIFrame-242596485007968\"\n      title=\"SanoMed - Contact Form (French)\"\n      onload=\"window.parent.scrollTo(0,0)\"\n      allowtransparency=\"true\"\n      allow=\"geolocation; microphone; camera; fullscreen\"\n      data-src=\"https:\/\/forms.liine.com\/242596485007968\"\n      frameborder=\"0\"\n      style=\"min-width:100%;max-width:100%;height:539px;border:none;\"\n      scrolling=\"no\"\n     src=\"data:image\/svg+xml;base64,PHN2ZyB3aWR0aD0iMSIgaGVpZ2h0PSIxIiB4bWxucz0iaHR0cDovL3d3dy53My5vcmcvMjAwMC9zdmciPjwvc3ZnPg==\" class=\"lazyload\" data-load-mode=\"1\">\n    <\/iframe>\n    <script src='https:\/\/forms.liine.com\/s\/umd\/latest\/for-form-embed-handler.js'><\/script>\n    <script>window.jotformEmbedHandler(\"iframe[id='JotFormIFrame-242596485007968']\", \"https:\/\/forms.liine.com\/\")<\/script>\t\t\t\t\t\t\t\t<\/div>\n\t\t\t\t<\/div>\n\t\t\t\t\t<\/div>\n\t\t<\/div>\n\t\t\t\t<div class=\"elementor-column elementor-col-33 elementor-top-column elementor-element elementor-element-3fe597c\" data-id=\"3fe597c\" data-element_type=\"column\" data-e-type=\"column\">\n\t\t\t<div class=\"elementor-widget-wrap\">\n\t\t\t\t\t\t\t<\/div>\n\t\t<\/div>\n\t\t\t\t\t<\/div>\n\t\t<\/section>\n\t\t\t\t<section class=\"elementor-section elementor-top-section elementor-element elementor-element-151fdb1 elementor-section-full_width elementor-section-height-default elementor-section-height-default\" data-id=\"151fdb1\" data-element_type=\"section\" data-e-type=\"section\">\n\t\t\t\t\t\t<div class=\"elementor-container elementor-column-gap-default\">\n\t\t\t\t\t<div class=\"elementor-column elementor-col-50 elementor-top-column elementor-element elementor-element-912902e\" data-id=\"912902e\" data-element_type=\"column\" data-e-type=\"column\">\n\t\t\t<div class=\"elementor-widget-wrap elementor-element-populated\">\n\t\t\t\t\t\t<div class=\"elementor-element elementor-element-5d213db elementor-widget elementor-widget-text-editor\" data-id=\"5d213db\" data-element_type=\"widget\" data-e-type=\"widget\" data-widget_type=\"text-editor.default\">\n\t\t\t\t<div class=\"elementor-widget-container\">\n\t\t\t\t\t\t\t\t\t<iframe style=\"border: 0;\" data-src=\"https:\/\/www.google.com\/maps\/embed?pb=!1m14!1m8!1m3!1d11187.799902216093!2d-73.6506789!3d45.4909521!3m2!1i1024!2i768!4f13.1!3m3!1m2!1s0x4cc919d90be057a1%3A0x3b6aeed20a50eb2a!2sSteinberg%20Urologie%20%7C%20Steinberg%20Urology!5e0!3m2!1sen!2sca!4v1726768126330!5m2!1sen!2sca\" width=\"600\" height=\"450\" allowfullscreen=\"allowfullscreen\" src=\"data:image\/svg+xml;base64,PHN2ZyB3aWR0aD0iMSIgaGVpZ2h0PSIxIiB4bWxucz0iaHR0cDovL3d3dy53My5vcmcvMjAwMC9zdmciPjwvc3ZnPg==\" class=\"lazyload\" data-load-mode=\"1\"><\/iframe>\t\t\t\t\t\t\t\t<\/div>\n\t\t\t\t<\/div>\n\t\t\t\t\t<\/div>\n\t\t<\/div>\n\t\t\t\t<div class=\"elementor-column elementor-col-50 elementor-top-column elementor-element elementor-element-3a4c7fe\" data-id=\"3a4c7fe\" data-element_type=\"column\" data-e-type=\"column\">\n\t\t\t<div class=\"elementor-widget-wrap elementor-element-populated\">\n\t\t\t\t\t\t<div class=\"elementor-element elementor-element-d71e876 elementor-widget elementor-widget-text-editor\" data-id=\"d71e876\" data-element_type=\"widget\" data-e-type=\"widget\" data-widget_type=\"text-editor.default\">\n\t\t\t\t<div class=\"elementor-widget-container\">\n\t\t\t\t\t\t\t\t\t<iframe data-src=\"https:\/\/www.google.com\/maps\/embed?pb=!1m14!1m8!1m3!1d11196.64879712336!2d-73.4390896!3d45.4463875!3m2!1i1024!2i768!4f13.1!3m3!1m2!1s0x4cc90fdf52e08f81%3A0x8b9c84984c369419!2sSteinberg%20Urologie%20%7C%20Steinberg%20Urology!5e0!3m2!1sen!2sca!4v1726768155968!5m2!1sen!2sca\" width=\"600\" height=\"450\" style=\"border:0;\" allowfullscreen=\"\" referrerpolicy=\"no-referrer-when-downgrade\" src=\"data:image\/svg+xml;base64,PHN2ZyB3aWR0aD0iMSIgaGVpZ2h0PSIxIiB4bWxucz0iaHR0cDovL3d3dy53My5vcmcvMjAwMC9zdmciPjwvc3ZnPg==\" class=\"lazyload\" data-load-mode=\"1\"><\/iframe>\t\t\t\t\t\t\t\t<\/div>\n\t\t\t\t<\/div>\n\t\t\t\t\t<\/div>\n\t\t<\/div>\n\t\t\t\t\t<\/div>\n\t\t<\/section>\n\t\t\t\t<\/div>\n\t\t","protected":false},"excerpt":{"rendered":"<p>Demande de rendez-vous Veuillez compl\u00e9ter ce formulaire et nous vous rappellerons pour vous expliquer les \u00e9tapes \u00e0 suivre et vous confirmer votre rendez-vous. Merci.<\/p>\n","protected":false},"author":1,"featured_media":0,"parent":0,"menu_order":0,"comment_status":"closed","ping_status":"closed","template":"elementor_header_footer","meta":{"footnotes":""},"class_list":["post-712","page","type-page","status-publish","hentry"],"yoast_head":"<!-- This site is optimized with the Yoast SEO plugin v27.4 - https:\/\/yoast.com\/product\/yoast-seo-wordpress\/ -->\n<title>Demande de rendez-vous pour le traitement de l&#039;HBP<\/title>\n<meta name=\"description\" content=\"Demander un rendez-vous avec notre m\u00e9decin sp\u00e9cialiste en traitement de l&#039;HBP. Rendez-vous disponibles.\" \/>\n<meta name=\"robots\" content=\"index, follow, max-snippet:-1, max-image-preview:large, max-video-preview:-1\" \/>\n<link rel=\"canonical\" href=\"https:\/\/sanomedrezum.com\/fr\/rdv\/\" \/>\n<meta property=\"og:locale\" content=\"fr_FR\" \/>\n<meta property=\"og:type\" content=\"article\" \/>\n<meta property=\"og:title\" content=\"Demande de rendez-vous pour le traitement de l&#039;HBP\" \/>\n<meta property=\"og:description\" content=\"Demander un rendez-vous avec notre m\u00e9decin sp\u00e9cialiste en traitement de l&#039;HBP. Rendez-vous disponibles.\" \/>\n<meta property=\"og:url\" content=\"https:\/\/sanomedrezum.com\/fr\/rdv\/\" \/>\n<meta property=\"og:site_name\" content=\"Sanomed Rezum\" \/>\n<meta property=\"article:modified_time\" content=\"2024-09-19T18:14:15+00:00\" \/>\n<meta name=\"twitter:card\" content=\"summary_large_image\" \/>\n<meta name=\"twitter:label1\" content=\"Dur\u00e9e de lecture estim\u00e9e\" \/>\n\t<meta name=\"twitter:data1\" content=\"1 minute\" \/>\n<script type=\"application\/ld+json\" class=\"yoast-schema-graph\">{\"@context\":\"https:\\\/\\\/schema.org\",\"@graph\":[{\"@type\":\"WebPage\",\"@id\":\"https:\\\/\\\/sanomedrezum.com\\\/fr\\\/rdv\\\/\",\"url\":\"https:\\\/\\\/sanomedrezum.com\\\/fr\\\/rdv\\\/\",\"name\":\"Demande de rendez-vous pour le traitement de l'HBP\",\"isPartOf\":{\"@id\":\"https:\\\/\\\/sanomedrezum.com\\\/#website\"},\"datePublished\":\"2019-07-09T21:01:24+00:00\",\"dateModified\":\"2024-09-19T18:14:15+00:00\",\"description\":\"Demander un rendez-vous avec notre m\u00e9decin sp\u00e9cialiste en traitement de l'HBP. Rendez-vous disponibles.\",\"breadcrumb\":{\"@id\":\"https:\\\/\\\/sanomedrezum.com\\\/fr\\\/rdv\\\/#breadcrumb\"},\"inLanguage\":\"fr-FR\",\"potentialAction\":[{\"@type\":\"ReadAction\",\"target\":[\"https:\\\/\\\/sanomedrezum.com\\\/fr\\\/rdv\\\/\"]}]},{\"@type\":\"BreadcrumbList\",\"@id\":\"https:\\\/\\\/sanomedrezum.com\\\/fr\\\/rdv\\\/#breadcrumb\",\"itemListElement\":[{\"@type\":\"ListItem\",\"position\":1,\"name\":\"Home\",\"item\":\"https:\\\/\\\/sanomedrezum.com\\\/\"},{\"@type\":\"ListItem\",\"position\":2,\"name\":\"Rendez-vous\"}]},{\"@type\":\"WebSite\",\"@id\":\"https:\\\/\\\/sanomedrezum.com\\\/#website\",\"url\":\"https:\\\/\\\/sanomedrezum.com\\\/\",\"name\":\"Sanomed Rez\u016bm\",\"description\":\"Sanomed Rezum\",\"publisher\":{\"@id\":\"https:\\\/\\\/sanomedrezum.com\\\/#organization\"},\"potentialAction\":[{\"@type\":\"SearchAction\",\"target\":{\"@type\":\"EntryPoint\",\"urlTemplate\":\"https:\\\/\\\/sanomedrezum.com\\\/?s={search_term_string}\"},\"query-input\":{\"@type\":\"PropertyValueSpecification\",\"valueRequired\":true,\"valueName\":\"search_term_string\"}}],\"inLanguage\":\"fr-FR\"},{\"@type\":\"Organization\",\"@id\":\"https:\\\/\\\/sanomedrezum.com\\\/#organization\",\"name\":\"SanoMed Rez\u016bm\",\"url\":\"https:\\\/\\\/sanomedrezum.com\\\/\",\"logo\":{\"@type\":\"ImageObject\",\"inLanguage\":\"fr-FR\",\"@id\":\"https:\\\/\\\/sanomedrezum.com\\\/#\\\/schema\\\/logo\\\/image\\\/\",\"url\":\"https:\\\/\\\/sanomedrezum.com\\\/wp-content\\\/uploads\\\/2019\\\/07\\\/sanomed-rezum-logo.png\",\"contentUrl\":\"https:\\\/\\\/sanomedrezum.com\\\/wp-content\\\/uploads\\\/2019\\\/07\\\/sanomed-rezum-logo.png\",\"width\":474,\"height\":137,\"caption\":\"SanoMed Rez\u016bm\"},\"image\":{\"@id\":\"https:\\\/\\\/sanomedrezum.com\\\/#\\\/schema\\\/logo\\\/image\\\/\"}}]}<\/script>\n<!-- \/ Yoast SEO plugin. -->","yoast_head_json":{"title":"Demande de rendez-vous pour le traitement de l'HBP","description":"Demander un rendez-vous avec notre m\u00e9decin sp\u00e9cialiste en traitement de l'HBP. Rendez-vous disponibles.","robots":{"index":"index","follow":"follow","max-snippet":"max-snippet:-1","max-image-preview":"max-image-preview:large","max-video-preview":"max-video-preview:-1"},"canonical":"https:\/\/sanomedrezum.com\/fr\/rdv\/","og_locale":"fr_FR","og_type":"article","og_title":"Demande de rendez-vous pour le traitement de l'HBP","og_description":"Demander un rendez-vous avec notre m\u00e9decin sp\u00e9cialiste en traitement de l'HBP. Rendez-vous disponibles.","og_url":"https:\/\/sanomedrezum.com\/fr\/rdv\/","og_site_name":"Sanomed Rezum","article_modified_time":"2024-09-19T18:14:15+00:00","twitter_card":"summary_large_image","twitter_misc":{"Dur\u00e9e de lecture estim\u00e9e":"1 minute"},"schema":{"@context":"https:\/\/schema.org","@graph":[{"@type":"WebPage","@id":"https:\/\/sanomedrezum.com\/fr\/rdv\/","url":"https:\/\/sanomedrezum.com\/fr\/rdv\/","name":"Demande de rendez-vous pour le traitement de l'HBP","isPartOf":{"@id":"https:\/\/sanomedrezum.com\/#website"},"datePublished":"2019-07-09T21:01:24+00:00","dateModified":"2024-09-19T18:14:15+00:00","description":"Demander un rendez-vous avec notre m\u00e9decin sp\u00e9cialiste en traitement de l'HBP. Rendez-vous disponibles.","breadcrumb":{"@id":"https:\/\/sanomedrezum.com\/fr\/rdv\/#breadcrumb"},"inLanguage":"fr-FR","potentialAction":[{"@type":"ReadAction","target":["https:\/\/sanomedrezum.com\/fr\/rdv\/"]}]},{"@type":"BreadcrumbList","@id":"https:\/\/sanomedrezum.com\/fr\/rdv\/#breadcrumb","itemListElement":[{"@type":"ListItem","position":1,"name":"Home","item":"https:\/\/sanomedrezum.com\/"},{"@type":"ListItem","position":2,"name":"Rendez-vous"}]},{"@type":"WebSite","@id":"https:\/\/sanomedrezum.com\/#website","url":"https:\/\/sanomedrezum.com\/","name":"Sanomed Rez\u016bm","description":"Sanomed Rezum","publisher":{"@id":"https:\/\/sanomedrezum.com\/#organization"},"potentialAction":[{"@type":"SearchAction","target":{"@type":"EntryPoint","urlTemplate":"https:\/\/sanomedrezum.com\/?s={search_term_string}"},"query-input":{"@type":"PropertyValueSpecification","valueRequired":true,"valueName":"search_term_string"}}],"inLanguage":"fr-FR"},{"@type":"Organization","@id":"https:\/\/sanomedrezum.com\/#organization","name":"SanoMed Rez\u016bm","url":"https:\/\/sanomedrezum.com\/","logo":{"@type":"ImageObject","inLanguage":"fr-FR","@id":"https:\/\/sanomedrezum.com\/#\/schema\/logo\/image\/","url":"https:\/\/sanomedrezum.com\/wp-content\/uploads\/2019\/07\/sanomed-rezum-logo.png","contentUrl":"https:\/\/sanomedrezum.com\/wp-content\/uploads\/2019\/07\/sanomed-rezum-logo.png","width":474,"height":137,"caption":"SanoMed Rez\u016bm"},"image":{"@id":"https:\/\/sanomedrezum.com\/#\/schema\/logo\/image\/"}}]}},"_links":{"self":[{"href":"https:\/\/sanomedrezum.com\/fr\/wp-json\/wp\/v2\/pages\/712","targetHints":{"allow":["GET"]}}],"collection":[{"href":"https:\/\/sanomedrezum.com\/fr\/wp-json\/wp\/v2\/pages"}],"about":[{"href":"https:\/\/sanomedrezum.com\/fr\/wp-json\/wp\/v2\/types\/page"}],"author":[{"embeddable":true,"href":"https:\/\/sanomedrezum.com\/fr\/wp-json\/wp\/v2\/users\/1"}],"replies":[{"embeddable":true,"href":"https:\/\/sanomedrezum.com\/fr\/wp-json\/wp\/v2\/comments?post=712"}],"version-history":[{"count":8,"href":"https:\/\/sanomedrezum.com\/fr\/wp-json\/wp\/v2\/pages\/712\/revisions"}],"predecessor-version":[{"id":3397,"href":"https:\/\/sanomedrezum.com\/fr\/wp-json\/wp\/v2\/pages\/712\/revisions\/3397"}],"wp:attachment":[{"href":"https:\/\/sanomedrezum.com\/fr\/wp-json\/wp\/v2\/media?parent=712"}],"curies":[{"name":"wp","href":"https:\/\/api.w.org\/{rel}","templated":true}]}}