{"id":827,"date":"2019-11-11T17:40:54","date_gmt":"2019-11-11T17:40:54","guid":{"rendered":"http:\/\/sanomedrezum.com\/?page_id=827"},"modified":"2021-03-18T17:25:48","modified_gmt":"2021-03-18T17:25:48","slug":"blogue","status":"publish","type":"page","link":"https:\/\/sanomedrezum.com\/fr\/blogue\/","title":{"rendered":"Blogue"},"content":{"rendered":"\t\t<div data-elementor-type=\"wp-page\" data-elementor-id=\"827\" class=\"elementor elementor-827 elementor-822\" data-elementor-post-type=\"page\">\n\t\t\t\t\t\t<section class=\"elementor-section elementor-top-section elementor-element elementor-element-4bcc0e6 elementor-section-boxed elementor-section-height-default elementor-section-height-default\" data-id=\"4bcc0e6\" data-element_type=\"section\" data-e-type=\"section\">\n\t\t\t\t\t\t<div class=\"elementor-container elementor-column-gap-default\">\n\t\t\t\t\t<div class=\"elementor-column elementor-col-100 elementor-top-column elementor-element elementor-element-0e2c040\" data-id=\"0e2c040\" data-element_type=\"column\" data-e-type=\"column\">\n\t\t\t<div class=\"elementor-widget-wrap elementor-element-populated\">\n\t\t\t\t\t\t<div class=\"elementor-element elementor-element-7c42367 elementor-widget elementor-widget-heading\" data-id=\"7c42367\" data-element_type=\"widget\" data-e-type=\"widget\" data-widget_type=\"heading.default\">\n\t\t\t\t<div class=\"elementor-widget-container\">\n\t\t\t\t\t<h1 class=\"elementor-heading-title elementor-size-default\">Blogue<\/h1>\t\t\t\t<\/div>\n\t\t\t\t<\/div>\n\t\t\t\t<div class=\"elementor-element elementor-element-2a27b0b elementor-grid-3 elementor-grid-tablet-2 elementor-grid-mobile-1 elementor-posts--thumbnail-top elementor-card-shadow-yes elementor-posts__hover-gradient elementor-widget elementor-widget-posts\" data-id=\"2a27b0b\" data-element_type=\"widget\" data-e-type=\"widget\" data-settings=\"{&quot;pagination_type&quot;:&quot;numbers&quot;,&quot;cards_columns&quot;:&quot;3&quot;,&quot;cards_columns_tablet&quot;:&quot;2&quot;,&quot;cards_columns_mobile&quot;:&quot;1&quot;,&quot;cards_row_gap&quot;:{&quot;unit&quot;:&quot;px&quot;,&quot;size&quot;:35,&quot;sizes&quot;:[]},&quot;cards_row_gap_tablet&quot;:{&quot;unit&quot;:&quot;px&quot;,&quot;size&quot;:&quot;&quot;,&quot;sizes&quot;:[]},&quot;cards_row_gap_mobile&quot;:{&quot;unit&quot;:&quot;px&quot;,&quot;size&quot;:&quot;&quot;,&quot;sizes&quot;:[]}}\" data-widget_type=\"posts.cards\">\n\t\t\t\t<div class=\"elementor-widget-container\">\n\t\t\t\t\t\t\t<div class=\"elementor-posts-container elementor-posts elementor-posts--skin-cards elementor-grid\" role=\"list\">\n\t\t\t\t<article class=\"elementor-post elementor-grid-item post-4487 post type-post status-publish format-standard has-post-thumbnail hentry category-nouvelles\" role=\"listitem\">\n\t\t\t<div class=\"elementor-post__card\">\n\t\t\t\t<a class=\"elementor-post__thumbnail__link\" href=\"https:\/\/sanomedrezum.com\/fr\/rezum-pour-les-prostates-volumineuses\/\" tabindex=\"-1\" ><div class=\"elementor-post__thumbnail\"><img fetchpriority=\"high\" decoding=\"async\" width=\"2048\" height=\"1366\" src=\"https:\/\/sanomedrezum.com\/wp-content\/uploads\/2026\/04\/iStock-2259152623-scaled-e1776136841185.jpg\" class=\"attachment-full size-full wp-image-4482\" alt=\"Rez\u016bm for larger prostates minimally invasive therapy BPH treatment,\" \/><\/div><\/a>\n\t\t\t\t<div class=\"elementor-post__badge\">Nouvelles<\/div>\n\t\t\t\t<div class=\"elementor-post__text\">\n\t\t\t\t<h3 class=\"elementor-post__title\">\n\t\t\t<a href=\"https:\/\/sanomedrezum.com\/fr\/rezum-pour-les-prostates-volumineuses\/\" >\n\t\t\t\tRez\u016bm pour les prostates volumineuses : de nouvelles options pour les hommes \u00e0 qui l\u2019on avait auparavant dit \u00ab\u2009non\u2009\u00bb\t\t\t<\/a>\n\t\t<\/h3>\n\t\t\t\t<div class=\"elementor-post__excerpt\">\n\t\t\t<p>Rez\u016bm pour les prostates volumineuses : de nouvelles options pour les hommes \u00e0 qui l\u2019on avait auparavant dit \u00ab\u2009non\u2009\u00bb Par le pass\u00e9, on disait souvent<\/p>\n\t\t<\/div>\n\t\t\n\t\t<a class=\"elementor-post__read-more\" href=\"https:\/\/sanomedrezum.com\/fr\/rezum-pour-les-prostates-volumineuses\/\" aria-label=\"En savoir plus sur Rez\u016bm pour les prostates volumineuses : de nouvelles options pour les hommes \u00e0 qui l\u2019on avait auparavant dit \u00ab\u2009non\u2009\u00bb\" tabindex=\"-1\" >\n\t\t\tEn savoir plus \u00bb\t\t<\/a>\n\n\t\t\t\t<\/div>\n\t\t\t\t<div class=\"elementor-post__meta-data\">\n\t\t\t\t\t<span class=\"elementor-post-date\">\n\t\t\tavril 14, 2026\t\t<\/span>\n\t\t\t\t<\/div>\n\t\t\t\t\t<\/div>\n\t\t<\/article>\n\t\t\t\t<article class=\"elementor-post elementor-grid-item post-4445 post type-post status-publish format-standard has-post-thumbnail hentry category-nouvelles\" role=\"listitem\">\n\t\t\t<div class=\"elementor-post__card\">\n\t\t\t\t<a class=\"elementor-post__thumbnail__link\" href=\"https:\/\/sanomedrezum.com\/fr\/bph-relief-urinary-sexual-function\/\" tabindex=\"-1\" ><div class=\"elementor-post__thumbnail\"><img decoding=\"async\" width=\"2048\" height=\"1366\" data-src=\"https:\/\/sanomedrezum.com\/wp-content\/uploads\/2026\/03\/iStock-2223147568-scaled.jpg\" class=\"attachment-full size-full wp-image-4440 lazyload\" alt=\"Minimally invasive treatment for BPH, preserving sexual and urinary function\" data-srcset=\"https:\/\/sanomedrezum.com\/wp-content\/uploads\/2026\/03\/iStock-2223147568-scaled.jpg 2048w, https:\/\/sanomedrezum.com\/wp-content\/uploads\/2026\/03\/iStock-2223147568-300x200.jpg 300w, https:\/\/sanomedrezum.com\/wp-content\/uploads\/2026\/03\/iStock-2223147568-1024x683.jpg 1024w, https:\/\/sanomedrezum.com\/wp-content\/uploads\/2026\/03\/iStock-2223147568-768x512.jpg 768w, https:\/\/sanomedrezum.com\/wp-content\/uploads\/2026\/03\/iStock-2223147568-1536x1024.jpg 1536w\" data-sizes=\"auto\" src=\"data:image\/svg+xml;base64,PHN2ZyB3aWR0aD0iMSIgaGVpZ2h0PSIxIiB4bWxucz0iaHR0cDovL3d3dy53My5vcmcvMjAwMC9zdmciPjwvc3ZnPg==\" style=\"--smush-placeholder-width: 2048px; --smush-placeholder-aspect-ratio: 2048\/1366;\" data-original-sizes=\"(max-width: 2048px) 100vw, 2048px\" \/><\/div><\/a>\n\t\t\t\t<div class=\"elementor-post__badge\">Nouvelles<\/div>\n\t\t\t\t<div class=\"elementor-post__text\">\n\t\t\t\t<h3 class=\"elementor-post__title\">\n\t\t\t<a href=\"https:\/\/sanomedrezum.com\/fr\/bph-relief-urinary-sexual-function\/\" >\n\t\t\t\tSoulagement de l\u2019HBP sans compromis : comment la th\u00e9rapie Rez\u016bm pr\u00e9serve les fonctions sexuelle et urinaire\t\t\t<\/a>\n\t\t<\/h3>\n\t\t\t\t<div class=\"elementor-post__excerpt\">\n\t\t\t<p>Soulagement de l\u2019HBP sans compromis : comment la th\u00e9rapie Rez\u016bm pr\u00e9serve les fonctions sexuelle et urinaire Lorsque vous vous rendez fr\u00e9quemment aux toilettes, que votre<\/p>\n\t\t<\/div>\n\t\t\n\t\t<a class=\"elementor-post__read-more\" href=\"https:\/\/sanomedrezum.com\/fr\/bph-relief-urinary-sexual-function\/\" aria-label=\"En savoir plus sur Soulagement de l\u2019HBP sans compromis : comment la th\u00e9rapie Rez\u016bm pr\u00e9serve les fonctions sexuelle et urinaire\" tabindex=\"-1\" >\n\t\t\tEn savoir plus \u00bb\t\t<\/a>\n\n\t\t\t\t<\/div>\n\t\t\t\t<div class=\"elementor-post__meta-data\">\n\t\t\t\t\t<span class=\"elementor-post-date\">\n\t\t\tmars 14, 2026\t\t<\/span>\n\t\t\t\t<\/div>\n\t\t\t\t\t<\/div>\n\t\t<\/article>\n\t\t\t\t<article class=\"elementor-post elementor-grid-item post-4414 post type-post status-publish format-standard has-post-thumbnail hentry category-news-fr\" role=\"listitem\">\n\t\t\t<div class=\"elementor-post__card\">\n\t\t\t\t<a class=\"elementor-post__thumbnail__link\" href=\"https:\/\/sanomedrezum.com\/fr\/effet-hiver-hbp\/\" tabindex=\"-1\" ><div class=\"elementor-post__thumbnail\"><img decoding=\"async\" width=\"2048\" height=\"1347\" data-src=\"https:\/\/sanomedrezum.com\/wp-content\/uploads\/2026\/02\/iStock-587226930-scaled.jpg\" class=\"attachment-full size-full wp-image-4409 lazyload\" alt=\"minimally invasive treatment for BPH urinary symptoms with Rezum Water Vapor\" data-srcset=\"https:\/\/sanomedrezum.com\/wp-content\/uploads\/2026\/02\/iStock-587226930-scaled.jpg 2048w, https:\/\/sanomedrezum.com\/wp-content\/uploads\/2026\/02\/iStock-587226930-300x197.jpg 300w, https:\/\/sanomedrezum.com\/wp-content\/uploads\/2026\/02\/iStock-587226930-1024x673.jpg 1024w, https:\/\/sanomedrezum.com\/wp-content\/uploads\/2026\/02\/iStock-587226930-768x505.jpg 768w, https:\/\/sanomedrezum.com\/wp-content\/uploads\/2026\/02\/iStock-587226930-1536x1010.jpg 1536w\" data-sizes=\"auto\" src=\"data:image\/svg+xml;base64,PHN2ZyB3aWR0aD0iMSIgaGVpZ2h0PSIxIiB4bWxucz0iaHR0cDovL3d3dy53My5vcmcvMjAwMC9zdmciPjwvc3ZnPg==\" style=\"--smush-placeholder-width: 2048px; --smush-placeholder-aspect-ratio: 2048\/1347;\" data-original-sizes=\"(max-width: 2048px) 100vw, 2048px\" \/><\/div><\/a>\n\t\t\t\t<div class=\"elementor-post__badge\">News<\/div>\n\t\t\t\t<div class=\"elementor-post__text\">\n\t\t\t\t<h3 class=\"elementor-post__title\">\n\t\t\t<a href=\"https:\/\/sanomedrezum.com\/fr\/effet-hiver-hbp\/\" >\n\t\t\t\tL\u2019effet hivernal : pourquoi les sympt\u00f4mes de l\u2019HBP s\u2019aggravent en hiver et comment Rezum peut aider\t\t\t<\/a>\n\t\t<\/h3>\n\t\t\t\t<div class=\"elementor-post__excerpt\">\n\t\t\t<p>L\u2019effet hivernal : pourquoi les sympt\u00f4mes de l\u2019HBP s\u2019aggravent en hiver et comment Rezum peut aider L\u2019hiver peut \u00eatre une saison \u00e9puisante pour tout le<\/p>\n\t\t<\/div>\n\t\t\n\t\t<a class=\"elementor-post__read-more\" href=\"https:\/\/sanomedrezum.com\/fr\/effet-hiver-hbp\/\" aria-label=\"En savoir plus sur L\u2019effet hivernal : pourquoi les sympt\u00f4mes de l\u2019HBP s\u2019aggravent en hiver et comment Rezum peut aider\" tabindex=\"-1\" >\n\t\t\tEn savoir plus \u00bb\t\t<\/a>\n\n\t\t\t\t<\/div>\n\t\t\t\t<div class=\"elementor-post__meta-data\">\n\t\t\t\t\t<span class=\"elementor-post-date\">\n\t\t\tf\u00e9vrier 15, 2026\t\t<\/span>\n\t\t\t\t<\/div>\n\t\t\t\t\t<\/div>\n\t\t<\/article>\n\t\t\t\t<article class=\"elementor-post elementor-grid-item post-4366 post type-post status-publish format-standard has-post-thumbnail hentry category-nouvelles\" role=\"listitem\">\n\t\t\t<div class=\"elementor-post__card\">\n\t\t\t\t<a class=\"elementor-post__thumbnail__link\" href=\"https:\/\/sanomedrezum.com\/fr\/mieux-dormir-et-soulagement-hbp\/\" tabindex=\"-1\" ><div class=\"elementor-post__thumbnail\"><img decoding=\"async\" width=\"2048\" height=\"1152\" data-src=\"https:\/\/sanomedrezum.com\/wp-content\/uploads\/2026\/01\/iStock-1013931722-scaled.jpg\" class=\"attachment-full size-full wp-image-4357 lazyload\" alt=\"BPH relief, nocturia, nighttime urination, minimally invasive treatments\" data-srcset=\"https:\/\/sanomedrezum.com\/wp-content\/uploads\/2026\/01\/iStock-1013931722-scaled.jpg 2048w, https:\/\/sanomedrezum.com\/wp-content\/uploads\/2026\/01\/iStock-1013931722-300x169.jpg 300w, https:\/\/sanomedrezum.com\/wp-content\/uploads\/2026\/01\/iStock-1013931722-1024x576.jpg 1024w, https:\/\/sanomedrezum.com\/wp-content\/uploads\/2026\/01\/iStock-1013931722-768x432.jpg 768w, https:\/\/sanomedrezum.com\/wp-content\/uploads\/2026\/01\/iStock-1013931722-1536x864.jpg 1536w\" data-sizes=\"auto\" src=\"data:image\/svg+xml;base64,PHN2ZyB3aWR0aD0iMSIgaGVpZ2h0PSIxIiB4bWxucz0iaHR0cDovL3d3dy53My5vcmcvMjAwMC9zdmciPjwvc3ZnPg==\" style=\"--smush-placeholder-width: 2048px; --smush-placeholder-aspect-ratio: 2048\/1152;\" data-original-sizes=\"(max-width: 2048px) 100vw, 2048px\" \/><\/div><\/a>\n\t\t\t\t<div class=\"elementor-post__badge\">Nouvelles<\/div>\n\t\t\t\t<div class=\"elementor-post__text\">\n\t\t\t\t<h3 class=\"elementor-post__title\">\n\t\t\t<a href=\"https:\/\/sanomedrezum.com\/fr\/mieux-dormir-et-soulagement-hbp\/\" >\n\t\t\t\tFinies les visites nocturnes aux toilettes : votre r\u00e9solution 2026 pour un meilleur sommeil et un soulagement de l\u2019HBP\t\t\t<\/a>\n\t\t<\/h3>\n\t\t\t\t<div class=\"elementor-post__excerpt\">\n\t\t\t<p>Finies les visites nocturnes aux toilettes : votre r\u00e9solution 2026 pour un meilleur sommeil et un soulagement de l\u2019HBP Si vos nuits sont interrompues par<\/p>\n\t\t<\/div>\n\t\t\n\t\t<a class=\"elementor-post__read-more\" href=\"https:\/\/sanomedrezum.com\/fr\/mieux-dormir-et-soulagement-hbp\/\" aria-label=\"En savoir plus sur Finies les visites nocturnes aux toilettes : votre r\u00e9solution 2026 pour un meilleur sommeil et un soulagement de l\u2019HBP\" tabindex=\"-1\" >\n\t\t\tEn savoir plus \u00bb\t\t<\/a>\n\n\t\t\t\t<\/div>\n\t\t\t\t<div class=\"elementor-post__meta-data\">\n\t\t\t\t\t<span class=\"elementor-post-date\">\n\t\t\tjanvier 11, 2026\t\t<\/span>\n\t\t\t\t<\/div>\n\t\t\t\t\t<\/div>\n\t\t<\/article>\n\t\t\t\t<article class=\"elementor-post elementor-grid-item post-4329 post type-post status-publish format-standard has-post-thumbnail hentry category-news-fr category-nouvelles\" role=\"listitem\">\n\t\t\t<div class=\"elementor-post__card\">\n\t\t\t\t<a class=\"elementor-post__thumbnail__link\" href=\"https:\/\/sanomedrezum.com\/fr\/gerer-hbp-pendant-les-fetes\/\" tabindex=\"-1\" ><div class=\"elementor-post__thumbnail\"><img decoding=\"async\" width=\"2048\" height=\"1366\" data-src=\"https:\/\/sanomedrezum.com\/wp-content\/uploads\/2025\/12\/medium-shot-smiley-man-holding-gift-scaled.jpg\" class=\"attachment-full size-full wp-image-4324 lazyload\" alt=\"Managing BPH during the holidays, minimally invasive treatment options\" data-srcset=\"https:\/\/sanomedrezum.com\/wp-content\/uploads\/2025\/12\/medium-shot-smiley-man-holding-gift-scaled.jpg 2048w, https:\/\/sanomedrezum.com\/wp-content\/uploads\/2025\/12\/medium-shot-smiley-man-holding-gift-300x200.jpg 300w, https:\/\/sanomedrezum.com\/wp-content\/uploads\/2025\/12\/medium-shot-smiley-man-holding-gift-1024x683.jpg 1024w, https:\/\/sanomedrezum.com\/wp-content\/uploads\/2025\/12\/medium-shot-smiley-man-holding-gift-768x512.jpg 768w, https:\/\/sanomedrezum.com\/wp-content\/uploads\/2025\/12\/medium-shot-smiley-man-holding-gift-1536x1024.jpg 1536w\" data-sizes=\"auto\" src=\"data:image\/svg+xml;base64,PHN2ZyB3aWR0aD0iMSIgaGVpZ2h0PSIxIiB4bWxucz0iaHR0cDovL3d3dy53My5vcmcvMjAwMC9zdmciPjwvc3ZnPg==\" style=\"--smush-placeholder-width: 2048px; --smush-placeholder-aspect-ratio: 2048\/1366;\" data-original-sizes=\"(max-width: 2048px) 100vw, 2048px\" \/><\/div><\/a>\n\t\t\t\t<div class=\"elementor-post__badge\">News<\/div>\n\t\t\t\t<div class=\"elementor-post__text\">\n\t\t\t\t<h3 class=\"elementor-post__title\">\n\t\t\t<a href=\"https:\/\/sanomedrezum.com\/fr\/gerer-hbp-pendant-les-fetes\/\" >\n\t\t\t\tSe pr\u00e9parer pour les f\u00eates : g\u00e9rer les sympt\u00f4mes de l\u2019HBP pendant la p\u00e9riode des f\u00eates \u00e0 Montr\u00e9al\t\t\t<\/a>\n\t\t<\/h3>\n\t\t\t\t<div class=\"elementor-post__excerpt\">\n\t\t\t<p>Se pr\u00e9parer pour les f\u00eates : g\u00e9rer les sympt\u00f4mes de l\u2019HBP pendant la p\u00e9riode des f\u00eates \u00e0 Montr\u00e9al La p\u00e9riode des f\u00eates est synonyme de<\/p>\n\t\t<\/div>\n\t\t\n\t\t<a class=\"elementor-post__read-more\" href=\"https:\/\/sanomedrezum.com\/fr\/gerer-hbp-pendant-les-fetes\/\" aria-label=\"En savoir plus sur Se pr\u00e9parer pour les f\u00eates : g\u00e9rer les sympt\u00f4mes de l\u2019HBP pendant la p\u00e9riode des f\u00eates \u00e0 Montr\u00e9al\" tabindex=\"-1\" >\n\t\t\tEn savoir plus \u00bb\t\t<\/a>\n\n\t\t\t\t<\/div>\n\t\t\t\t<div class=\"elementor-post__meta-data\">\n\t\t\t\t\t<span class=\"elementor-post-date\">\n\t\t\td\u00e9cembre 31, 2025\t\t<\/span>\n\t\t\t\t<\/div>\n\t\t\t\t\t<\/div>\n\t\t<\/article>\n\t\t\t\t<article class=\"elementor-post elementor-grid-item post-4247 post type-post status-publish format-standard has-post-thumbnail hentry category-nouvelles\" role=\"listitem\">\n\t\t\t<div class=\"elementor-post__card\">\n\t\t\t\t<a class=\"elementor-post__thumbnail__link\" href=\"https:\/\/sanomedrezum.com\/fr\/movember-mens-prostate-health\/\" tabindex=\"-1\" ><div class=\"elementor-post__thumbnail\"><img decoding=\"async\" width=\"2048\" height=\"1363\" data-src=\"https:\/\/sanomedrezum.com\/wp-content\/uploads\/2025\/11\/iStock-518100449-scaled.jpg\" class=\"attachment-full size-full wp-image-4242 lazyload\" alt=\"Movember, men\u2019s health and BPH, early detection and proactive prostate health\" data-srcset=\"https:\/\/sanomedrezum.com\/wp-content\/uploads\/2025\/11\/iStock-518100449-scaled.jpg 2048w, https:\/\/sanomedrezum.com\/wp-content\/uploads\/2025\/11\/iStock-518100449-300x200.jpg 300w, https:\/\/sanomedrezum.com\/wp-content\/uploads\/2025\/11\/iStock-518100449-1024x681.jpg 1024w, https:\/\/sanomedrezum.com\/wp-content\/uploads\/2025\/11\/iStock-518100449-768x511.jpg 768w, https:\/\/sanomedrezum.com\/wp-content\/uploads\/2025\/11\/iStock-518100449-1536x1022.jpg 1536w\" data-sizes=\"auto\" src=\"data:image\/svg+xml;base64,PHN2ZyB3aWR0aD0iMSIgaGVpZ2h0PSIxIiB4bWxucz0iaHR0cDovL3d3dy53My5vcmcvMjAwMC9zdmciPjwvc3ZnPg==\" style=\"--smush-placeholder-width: 2048px; --smush-placeholder-aspect-ratio: 2048\/1363;\" data-original-sizes=\"(max-width: 2048px) 100vw, 2048px\" \/><\/div><\/a>\n\t\t\t\t<div class=\"elementor-post__badge\">Nouvelles<\/div>\n\t\t\t\t<div class=\"elementor-post__text\">\n\t\t\t\t<h3 class=\"elementor-post__title\">\n\t\t\t<a href=\"https:\/\/sanomedrezum.com\/fr\/movember-mens-prostate-health\/\" >\n\t\t\t\tMovember et la sant\u00e9 masculine : pourquoi le d\u00e9pistage de l\u2019HBP est important\t\t\t<\/a>\n\t\t<\/h3>\n\t\t\t\t<div class=\"elementor-post__excerpt\">\n\t\t\t<p>Movember et la sant\u00e9 masculine : pourquoi le d\u00e9pistage de l\u2019HBP est important \u00a0 Chaque ann\u00e9e en novembre, les hommes du monde entier, y compris<\/p>\n\t\t<\/div>\n\t\t\n\t\t<a class=\"elementor-post__read-more\" href=\"https:\/\/sanomedrezum.com\/fr\/movember-mens-prostate-health\/\" aria-label=\"En savoir plus sur Movember et la sant\u00e9 masculine : pourquoi le d\u00e9pistage de l\u2019HBP est important\" tabindex=\"-1\" >\n\t\t\tEn savoir plus \u00bb\t\t<\/a>\n\n\t\t\t\t<\/div>\n\t\t\t\t<div class=\"elementor-post__meta-data\">\n\t\t\t\t\t<span class=\"elementor-post-date\">\n\t\t\tnovembre 19, 2025\t\t<\/span>\n\t\t\t\t<\/div>\n\t\t\t\t\t<\/div>\n\t\t<\/article>\n\t\t\t\t<\/div>\n\t\t\n\t\t\t\t<div class=\"e-load-more-anchor\" data-page=\"1\" data-max-page=\"10\" data-next-page=\"https:\/\/sanomedrezum.com\/fr\/wp-json\/wp\/v2\/pages\/827\/page\/2\/\"><\/div>\n\t\t\t\t<nav class=\"elementor-pagination\" aria-label=\"Pagination\">\n\t\t\t<span aria-current=\"page\" class=\"page-numbers current\"><span class=\"elementor-screen-only\">Page<\/span>1<\/span>\n<a class=\"page-numbers\" href=\"https:\/\/sanomedrezum.com\/fr\/wp-json\/wp\/v2\/pages\/827\/page\/2\/\"><span class=\"elementor-screen-only\">Page<\/span>2<\/a>\n<a class=\"page-numbers\" href=\"https:\/\/sanomedrezum.com\/fr\/wp-json\/wp\/v2\/pages\/827\/page\/3\/\"><span class=\"elementor-screen-only\">Page<\/span>3<\/a>\n<a class=\"page-numbers\" href=\"https:\/\/sanomedrezum.com\/fr\/wp-json\/wp\/v2\/pages\/827\/page\/4\/\"><span class=\"elementor-screen-only\">Page<\/span>4<\/a>\n<a class=\"page-numbers\" href=\"https:\/\/sanomedrezum.com\/fr\/wp-json\/wp\/v2\/pages\/827\/page\/5\/\"><span class=\"elementor-screen-only\">Page<\/span>5<\/a>\t\t<\/nav>\n\t\t\t\t\t\t<\/div>\n\t\t\t\t<\/div>\n\t\t\t\t\t<\/div>\n\t\t<\/div>\n\t\t\t\t\t<\/div>\n\t\t<\/section>\n\t\t\t\t<\/div>\n\t\t","protected":false},"excerpt":{"rendered":"<p>Blogue<\/p>\n","protected":false},"author":1,"featured_media":0,"parent":0,"menu_order":0,"comment_status":"closed","ping_status":"closed","template":"elementor_header_footer","meta":{"footnotes":""},"class_list":["post-827","page","type-page","status-publish","hentry"],"yoast_head":"<!-- This site is optimized with the Yoast SEO plugin v27.5 - https:\/\/yoast.com\/product\/yoast-seo-wordpress\/ -->\n<title>Hyperplasie b\u00e9nigne de la prostate - Clinique Rezum \u00e0 Montr\u00e9al<\/title>\n<meta name=\"description\" content=\"Obtenez toutes les informations sur l&#039;HBP et les traitements Rez\u016bm. Cliquez pour conna\u00eetre vos options chez SanoMed.\" \/>\n<meta name=\"robots\" content=\"index, follow, max-snippet:-1, max-image-preview:large, max-video-preview:-1\" \/>\n<link rel=\"canonical\" href=\"https:\/\/sanomedrezum.com\/fr\/blogue\/\" \/>\n<meta property=\"og:locale\" content=\"fr_FR\" \/>\n<meta property=\"og:type\" content=\"article\" \/>\n<meta property=\"og:title\" content=\"Hyperplasie b\u00e9nigne de la prostate - Clinique Rezum \u00e0 Montr\u00e9al\" \/>\n<meta property=\"og:description\" content=\"Obtenez toutes les informations sur l&#039;HBP et les traitements Rez\u016bm. Cliquez pour conna\u00eetre vos options chez SanoMed.\" \/>\n<meta property=\"og:url\" content=\"https:\/\/sanomedrezum.com\/fr\/blogue\/\" \/>\n<meta property=\"og:site_name\" content=\"Sanomed Rezum\" \/>\n<meta property=\"article:modified_time\" content=\"2021-03-18T17:25:48+00:00\" \/>\n<meta name=\"twitter:card\" content=\"summary_large_image\" \/>\n<meta name=\"twitter:label1\" content=\"Dur\u00e9e de lecture estim\u00e9e\" \/>\n\t<meta name=\"twitter:data1\" content=\"3 minutes\" \/>\n<script type=\"application\/ld+json\" class=\"yoast-schema-graph\">{\"@context\":\"https:\\\/\\\/schema.org\",\"@graph\":[{\"@type\":\"WebPage\",\"@id\":\"https:\\\/\\\/sanomedrezum.com\\\/fr\\\/blogue\\\/\",\"url\":\"https:\\\/\\\/sanomedrezum.com\\\/fr\\\/blogue\\\/\",\"name\":\"Hyperplasie b\u00e9nigne de la prostate - Clinique Rezum \u00e0 Montr\u00e9al\",\"isPartOf\":{\"@id\":\"https:\\\/\\\/sanomedrezum.com\\\/#website\"},\"datePublished\":\"2019-11-11T17:40:54+00:00\",\"dateModified\":\"2021-03-18T17:25:48+00:00\",\"description\":\"Obtenez toutes les informations sur l'HBP et les traitements Rez\u016bm. Cliquez pour conna\u00eetre vos options chez SanoMed.\",\"breadcrumb\":{\"@id\":\"https:\\\/\\\/sanomedrezum.com\\\/fr\\\/blogue\\\/#breadcrumb\"},\"inLanguage\":\"fr-FR\",\"potentialAction\":[{\"@type\":\"ReadAction\",\"target\":[\"https:\\\/\\\/sanomedrezum.com\\\/fr\\\/blogue\\\/\"]}]},{\"@type\":\"BreadcrumbList\",\"@id\":\"https:\\\/\\\/sanomedrezum.com\\\/fr\\\/blogue\\\/#breadcrumb\",\"itemListElement\":[{\"@type\":\"ListItem\",\"position\":1,\"name\":\"Home\",\"item\":\"https:\\\/\\\/sanomedrezum.com\\\/\"},{\"@type\":\"ListItem\",\"position\":2,\"name\":\"Blogue\"}]},{\"@type\":\"WebSite\",\"@id\":\"https:\\\/\\\/sanomedrezum.com\\\/#website\",\"url\":\"https:\\\/\\\/sanomedrezum.com\\\/\",\"name\":\"Sanomed Rez\u016bm\",\"description\":\"Sanomed Rezum\",\"publisher\":{\"@id\":\"https:\\\/\\\/sanomedrezum.com\\\/#organization\"},\"potentialAction\":[{\"@type\":\"SearchAction\",\"target\":{\"@type\":\"EntryPoint\",\"urlTemplate\":\"https:\\\/\\\/sanomedrezum.com\\\/?s={search_term_string}\"},\"query-input\":{\"@type\":\"PropertyValueSpecification\",\"valueRequired\":true,\"valueName\":\"search_term_string\"}}],\"inLanguage\":\"fr-FR\"},{\"@type\":\"Organization\",\"@id\":\"https:\\\/\\\/sanomedrezum.com\\\/#organization\",\"name\":\"SanoMed Rez\u016bm\",\"url\":\"https:\\\/\\\/sanomedrezum.com\\\/\",\"logo\":{\"@type\":\"ImageObject\",\"inLanguage\":\"fr-FR\",\"@id\":\"https:\\\/\\\/sanomedrezum.com\\\/#\\\/schema\\\/logo\\\/image\\\/\",\"url\":\"https:\\\/\\\/sanomedrezum.com\\\/wp-content\\\/uploads\\\/2019\\\/07\\\/sanomed-rezum-logo.png\",\"contentUrl\":\"https:\\\/\\\/sanomedrezum.com\\\/wp-content\\\/uploads\\\/2019\\\/07\\\/sanomed-rezum-logo.png\",\"width\":474,\"height\":137,\"caption\":\"SanoMed Rez\u016bm\"},\"image\":{\"@id\":\"https:\\\/\\\/sanomedrezum.com\\\/#\\\/schema\\\/logo\\\/image\\\/\"}}]}<\/script>\n<!-- \/ Yoast SEO plugin. -->","yoast_head_json":{"title":"Hyperplasie b\u00e9nigne de la prostate - Clinique Rezum \u00e0 Montr\u00e9al","description":"Obtenez toutes les informations sur l'HBP et les traitements Rez\u016bm. Cliquez pour conna\u00eetre vos options chez SanoMed.","robots":{"index":"index","follow":"follow","max-snippet":"max-snippet:-1","max-image-preview":"max-image-preview:large","max-video-preview":"max-video-preview:-1"},"canonical":"https:\/\/sanomedrezum.com\/fr\/blogue\/","og_locale":"fr_FR","og_type":"article","og_title":"Hyperplasie b\u00e9nigne de la prostate - Clinique Rezum \u00e0 Montr\u00e9al","og_description":"Obtenez toutes les informations sur l'HBP et les traitements Rez\u016bm. Cliquez pour conna\u00eetre vos options chez SanoMed.","og_url":"https:\/\/sanomedrezum.com\/fr\/blogue\/","og_site_name":"Sanomed Rezum","article_modified_time":"2021-03-18T17:25:48+00:00","twitter_card":"summary_large_image","twitter_misc":{"Dur\u00e9e de lecture estim\u00e9e":"3 minutes"},"schema":{"@context":"https:\/\/schema.org","@graph":[{"@type":"WebPage","@id":"https:\/\/sanomedrezum.com\/fr\/blogue\/","url":"https:\/\/sanomedrezum.com\/fr\/blogue\/","name":"Hyperplasie b\u00e9nigne de la prostate - Clinique Rezum \u00e0 Montr\u00e9al","isPartOf":{"@id":"https:\/\/sanomedrezum.com\/#website"},"datePublished":"2019-11-11T17:40:54+00:00","dateModified":"2021-03-18T17:25:48+00:00","description":"Obtenez toutes les informations sur l'HBP et les traitements Rez\u016bm. Cliquez pour conna\u00eetre vos options chez SanoMed.","breadcrumb":{"@id":"https:\/\/sanomedrezum.com\/fr\/blogue\/#breadcrumb"},"inLanguage":"fr-FR","potentialAction":[{"@type":"ReadAction","target":["https:\/\/sanomedrezum.com\/fr\/blogue\/"]}]},{"@type":"BreadcrumbList","@id":"https:\/\/sanomedrezum.com\/fr\/blogue\/#breadcrumb","itemListElement":[{"@type":"ListItem","position":1,"name":"Home","item":"https:\/\/sanomedrezum.com\/"},{"@type":"ListItem","position":2,"name":"Blogue"}]},{"@type":"WebSite","@id":"https:\/\/sanomedrezum.com\/#website","url":"https:\/\/sanomedrezum.com\/","name":"Sanomed Rez\u016bm","description":"Sanomed Rezum","publisher":{"@id":"https:\/\/sanomedrezum.com\/#organization"},"potentialAction":[{"@type":"SearchAction","target":{"@type":"EntryPoint","urlTemplate":"https:\/\/sanomedrezum.com\/?s={search_term_string}"},"query-input":{"@type":"PropertyValueSpecification","valueRequired":true,"valueName":"search_term_string"}}],"inLanguage":"fr-FR"},{"@type":"Organization","@id":"https:\/\/sanomedrezum.com\/#organization","name":"SanoMed Rez\u016bm","url":"https:\/\/sanomedrezum.com\/","logo":{"@type":"ImageObject","inLanguage":"fr-FR","@id":"https:\/\/sanomedrezum.com\/#\/schema\/logo\/image\/","url":"https:\/\/sanomedrezum.com\/wp-content\/uploads\/2019\/07\/sanomed-rezum-logo.png","contentUrl":"https:\/\/sanomedrezum.com\/wp-content\/uploads\/2019\/07\/sanomed-rezum-logo.png","width":474,"height":137,"caption":"SanoMed Rez\u016bm"},"image":{"@id":"https:\/\/sanomedrezum.com\/#\/schema\/logo\/image\/"}}]}},"_links":{"self":[{"href":"https:\/\/sanomedrezum.com\/fr\/wp-json\/wp\/v2\/pages\/827","targetHints":{"allow":["GET"]}}],"collection":[{"href":"https:\/\/sanomedrezum.com\/fr\/wp-json\/wp\/v2\/pages"}],"about":[{"href":"https:\/\/sanomedrezum.com\/fr\/wp-json\/wp\/v2\/types\/page"}],"author":[{"embeddable":true,"href":"https:\/\/sanomedrezum.com\/fr\/wp-json\/wp\/v2\/users\/1"}],"replies":[{"embeddable":true,"href":"https:\/\/sanomedrezum.com\/fr\/wp-json\/wp\/v2\/comments?post=827"}],"version-history":[{"count":6,"href":"https:\/\/sanomedrezum.com\/fr\/wp-json\/wp\/v2\/pages\/827\/revisions"}],"predecessor-version":[{"id":1583,"href":"https:\/\/sanomedrezum.com\/fr\/wp-json\/wp\/v2\/pages\/827\/revisions\/1583"}],"wp:attachment":[{"href":"https:\/\/sanomedrezum.com\/fr\/wp-json\/wp\/v2\/media?parent=827"}],"curies":[{"name":"wp","href":"https:\/\/api.w.org\/{rel}","templated":true}]}}