{"id":947,"date":"2020-01-07T20:34:17","date_gmt":"2020-01-07T20:34:17","guid":{"rendered":"http:\/\/sanomedrezum.com\/?page_id=947"},"modified":"2024-09-19T18:13:15","modified_gmt":"2024-09-19T18:13:15","slug":"demande-de-prix","status":"publish","type":"page","link":"https:\/\/sanomedrezum.com\/fr\/demande-de-prix\/","title":{"rendered":"Demande de prix"},"content":{"rendered":"\t\t<div data-elementor-type=\"wp-page\" data-elementor-id=\"947\" class=\"elementor elementor-947 elementor-923\" data-elementor-post-type=\"page\">\n\t\t\t\t\t\t<section class=\"elementor-section elementor-top-section elementor-element elementor-element-4598cc17 elementor-section-content-middle elementor-section-boxed elementor-section-height-default elementor-section-height-default\" data-id=\"4598cc17\" data-element_type=\"section\" data-e-type=\"section\" data-settings=\"{&quot;background_background&quot;:&quot;classic&quot;}\">\n\t\t\t\t\t\t\t<div class=\"elementor-background-overlay\"><\/div>\n\t\t\t\t\t\t\t<div class=\"elementor-container elementor-column-gap-default\">\n\t\t\t\t\t<div class=\"elementor-column elementor-col-50 elementor-top-column elementor-element elementor-element-1c7da875\" data-id=\"1c7da875\" data-element_type=\"column\" data-e-type=\"column\" data-settings=\"{&quot;background_background&quot;:&quot;classic&quot;}\">\n\t\t\t<div class=\"elementor-widget-wrap elementor-element-populated\">\n\t\t\t\t\t\t<div class=\"elementor-element elementor-element-255c6339 elementor-widget elementor-widget-heading\" data-id=\"255c6339\" data-element_type=\"widget\" data-e-type=\"widget\" data-widget_type=\"heading.default\">\n\t\t\t\t<div class=\"elementor-widget-container\">\n\t\t\t\t\t<h1 class=\"elementor-heading-title elementor-size-default\">Confirmez les co\u00fbts de la th\u00e9rapie Rez\u016bm<\/h1>\t\t\t\t<\/div>\n\t\t\t\t<\/div>\n\t\t\t\t\t<\/div>\n\t\t<\/div>\n\t\t\t\t<div class=\"elementor-column elementor-col-50 elementor-top-column elementor-element elementor-element-1abbe669\" data-id=\"1abbe669\" data-element_type=\"column\" data-e-type=\"column\">\n\t\t\t<div class=\"elementor-widget-wrap\">\n\t\t\t\t\t\t\t<\/div>\n\t\t<\/div>\n\t\t\t\t\t<\/div>\n\t\t<\/section>\n\t\t\t\t<section class=\"elementor-section elementor-top-section elementor-element elementor-element-6f0f0dec elementor-section-boxed elementor-section-height-default elementor-section-height-default\" data-id=\"6f0f0dec\" data-element_type=\"section\" data-e-type=\"section\">\n\t\t\t\t\t\t<div class=\"elementor-container elementor-column-gap-default\">\n\t\t\t\t\t<div class=\"elementor-column elementor-col-33 elementor-top-column elementor-element elementor-element-4aaf618e\" data-id=\"4aaf618e\" data-element_type=\"column\" data-e-type=\"column\">\n\t\t\t<div class=\"elementor-widget-wrap\">\n\t\t\t\t\t\t\t<\/div>\n\t\t<\/div>\n\t\t\t\t<div class=\"elementor-column elementor-col-33 elementor-top-column elementor-element elementor-element-62680981\" data-id=\"62680981\" data-element_type=\"column\" data-e-type=\"column\">\n\t\t\t<div class=\"elementor-widget-wrap elementor-element-populated\">\n\t\t\t\t\t\t<div class=\"elementor-element elementor-element-1df59a72 elementor-widget elementor-widget-heading\" data-id=\"1df59a72\" data-element_type=\"widget\" data-e-type=\"widget\" data-widget_type=\"heading.default\">\n\t\t\t\t<div class=\"elementor-widget-container\">\n\t\t\t\t\t<p class=\"elementor-heading-title elementor-size-default\">La th\u00e9rapie REZ\u016aM n'est pas couverte par la RAMQ.<\/p>\t\t\t\t<\/div>\n\t\t\t\t<\/div>\n\t\t\t\t<div class=\"elementor-element elementor-element-2b8b8b9a elementor-widget elementor-widget-heading\" data-id=\"2b8b8b9a\" data-element_type=\"widget\" data-e-type=\"widget\" data-widget_type=\"heading.default\">\n\t\t\t\t<div class=\"elementor-widget-container\">\n\t\t\t\t\t<p class=\"elementor-heading-title elementor-size-default\">Veuillez remplir le formulaire et nous vous enverrons les d\u00e9tails pour la prochaine \u00e9tape.<br><br>\n\nMerci.\n<\/p>\t\t\t\t<\/div>\n\t\t\t\t<\/div>\n\t\t\t\t<div class=\"elementor-element elementor-element-75f881a elementor-widget elementor-widget-text-editor\" data-id=\"75f881a\" data-element_type=\"widget\" data-e-type=\"widget\" data-widget_type=\"text-editor.default\">\n\t\t\t\t<div class=\"elementor-widget-container\">\n\t\t\t\t\t\t\t\t\t<iframe\n      id=\"JotFormIFrame-242596485007968\"\n      title=\"SanoMed - Contact Form (French)\"\n      onload=\"window.parent.scrollTo(0,0)\"\n      allowtransparency=\"true\"\n      allow=\"geolocation; microphone; camera; fullscreen\"\n      data-src=\"https:\/\/forms.liine.com\/242596485007968\"\n      frameborder=\"0\"\n      style=\"min-width:100%;max-width:100%;height:539px;border:none;\"\n      scrolling=\"no\"\n     src=\"data:image\/svg+xml;base64,PHN2ZyB3aWR0aD0iMSIgaGVpZ2h0PSIxIiB4bWxucz0iaHR0cDovL3d3dy53My5vcmcvMjAwMC9zdmciPjwvc3ZnPg==\" class=\"lazyload\" data-load-mode=\"1\">\n    <\/iframe>\n    <script src='https:\/\/forms.liine.com\/s\/umd\/latest\/for-form-embed-handler.js'><\/script>\n    <script>window.jotformEmbedHandler(\"iframe[id='JotFormIFrame-242596485007968']\", \"https:\/\/forms.liine.com\/\")<\/script>\t\t\t\t\t\t\t\t<\/div>\n\t\t\t\t<\/div>\n\t\t\t\t\t<\/div>\n\t\t<\/div>\n\t\t\t\t<div class=\"elementor-column elementor-col-33 elementor-top-column elementor-element elementor-element-f392737\" data-id=\"f392737\" data-element_type=\"column\" data-e-type=\"column\">\n\t\t\t<div class=\"elementor-widget-wrap\">\n\t\t\t\t\t\t\t<\/div>\n\t\t<\/div>\n\t\t\t\t\t<\/div>\n\t\t<\/section>\n\t\t\t\t<section class=\"elementor-section elementor-top-section elementor-element elementor-element-b333d9c elementor-section-full_width elementor-section-height-default elementor-section-height-default\" data-id=\"b333d9c\" data-element_type=\"section\" data-e-type=\"section\">\n\t\t\t\t\t\t<div class=\"elementor-container elementor-column-gap-default\">\n\t\t\t\t\t<div class=\"elementor-column elementor-col-50 elementor-top-column elementor-element elementor-element-ad96489\" data-id=\"ad96489\" data-element_type=\"column\" data-e-type=\"column\">\n\t\t\t<div class=\"elementor-widget-wrap elementor-element-populated\">\n\t\t\t\t\t\t<div class=\"elementor-element elementor-element-2b4fe06 elementor-widget elementor-widget-text-editor\" data-id=\"2b4fe06\" data-element_type=\"widget\" data-e-type=\"widget\" data-widget_type=\"text-editor.default\">\n\t\t\t\t<div class=\"elementor-widget-container\">\n\t\t\t\t\t\t\t\t\t<iframe style=\"border: 0;\" data-src=\"https:\/\/www.google.com\/maps\/embed?pb=!1m14!1m8!1m3!1d11187.799902216093!2d-73.6506789!3d45.4909521!3m2!1i1024!2i768!4f13.1!3m3!1m2!1s0x4cc919d90be057a1%3A0x3b6aeed20a50eb2a!2sSteinberg%20Urologie%20%7C%20Steinberg%20Urology!5e0!3m2!1sen!2sca!4v1726768126330!5m2!1sen!2sca\" width=\"600\" height=\"450\" allowfullscreen=\"allowfullscreen\" src=\"data:image\/svg+xml;base64,PHN2ZyB3aWR0aD0iMSIgaGVpZ2h0PSIxIiB4bWxucz0iaHR0cDovL3d3dy53My5vcmcvMjAwMC9zdmciPjwvc3ZnPg==\" class=\"lazyload\" data-load-mode=\"1\"><\/iframe>\t\t\t\t\t\t\t\t<\/div>\n\t\t\t\t<\/div>\n\t\t\t\t\t<\/div>\n\t\t<\/div>\n\t\t\t\t<div class=\"elementor-column elementor-col-50 elementor-top-column elementor-element elementor-element-bfa9d07\" data-id=\"bfa9d07\" data-element_type=\"column\" data-e-type=\"column\">\n\t\t\t<div class=\"elementor-widget-wrap elementor-element-populated\">\n\t\t\t\t\t\t<div class=\"elementor-element elementor-element-def9949 elementor-widget elementor-widget-text-editor\" data-id=\"def9949\" data-element_type=\"widget\" data-e-type=\"widget\" data-widget_type=\"text-editor.default\">\n\t\t\t\t<div class=\"elementor-widget-container\">\n\t\t\t\t\t\t\t\t\t<iframe data-src=\"https:\/\/www.google.com\/maps\/embed?pb=!1m14!1m8!1m3!1d11196.64879712336!2d-73.4390896!3d45.4463875!3m2!1i1024!2i768!4f13.1!3m3!1m2!1s0x4cc90fdf52e08f81%3A0x8b9c84984c369419!2sSteinberg%20Urologie%20%7C%20Steinberg%20Urology!5e0!3m2!1sen!2sca!4v1726768155968!5m2!1sen!2sca\" width=\"600\" height=\"450\" style=\"border:0;\" allowfullscreen=\"\" referrerpolicy=\"no-referrer-when-downgrade\" src=\"data:image\/svg+xml;base64,PHN2ZyB3aWR0aD0iMSIgaGVpZ2h0PSIxIiB4bWxucz0iaHR0cDovL3d3dy53My5vcmcvMjAwMC9zdmciPjwvc3ZnPg==\" class=\"lazyload\" data-load-mode=\"1\"><\/iframe>\t\t\t\t\t\t\t\t<\/div>\n\t\t\t\t<\/div>\n\t\t\t\t\t<\/div>\n\t\t<\/div>\n\t\t\t\t\t<\/div>\n\t\t<\/section>\n\t\t\t\t<\/div>\n\t\t","protected":false},"excerpt":{"rendered":"<p>Confirmez les co\u00fbts de la th\u00e9rapie Rez\u016bm La th\u00e9rapie REZ\u016aM n&rsquo;est pas couverte par la RAMQ. Veuillez remplir le formulaire et nous vous enverrons les d\u00e9tails pour la prochaine \u00e9tape. Merci.<\/p>\n","protected":false},"author":1,"featured_media":0,"parent":0,"menu_order":0,"comment_status":"closed","ping_status":"closed","template":"elementor_header_footer","meta":{"footnotes":""},"class_list":["post-947","page","type-page","status-publish","hentry"],"yoast_head":"<!-- This site is optimized with the Yoast SEO plugin v27.4 - https:\/\/yoast.com\/product\/yoast-seo-wordpress\/ -->\n<title>Co\u00fbt de la th\u00e9rapie Rez\u016bm pour l&#039;HBP - Montr\u00e9al, Qu\u00e9bec<\/title>\n<meta name=\"description\" content=\"Confirmez le co\u00fbt d&#039;une proc\u00e9dure REZUM pour l&#039;HBP \u00e0 la clinique de la prostate SanoMed \u00e0 Montr\u00e9al, sp\u00e9cialistes des derni\u00e8res th\u00e9rapies MIST.\" \/>\n<meta name=\"robots\" content=\"index, follow, max-snippet:-1, max-image-preview:large, max-video-preview:-1\" \/>\n<link rel=\"canonical\" href=\"https:\/\/sanomedrezum.com\/fr\/demande-de-prix\/\" \/>\n<meta property=\"og:locale\" content=\"fr_FR\" \/>\n<meta property=\"og:type\" content=\"article\" \/>\n<meta property=\"og:title\" content=\"Co\u00fbt de la th\u00e9rapie Rez\u016bm pour l&#039;HBP - Montr\u00e9al, Qu\u00e9bec\" \/>\n<meta property=\"og:description\" content=\"Confirmez le co\u00fbt d&#039;une proc\u00e9dure REZUM pour l&#039;HBP \u00e0 la clinique de la prostate SanoMed \u00e0 Montr\u00e9al, sp\u00e9cialistes des derni\u00e8res th\u00e9rapies MIST.\" \/>\n<meta property=\"og:url\" content=\"https:\/\/sanomedrezum.com\/fr\/demande-de-prix\/\" \/>\n<meta property=\"og:site_name\" content=\"Sanomed Rezum\" \/>\n<meta property=\"article:modified_time\" content=\"2024-09-19T18:13:15+00:00\" \/>\n<meta name=\"twitter:card\" content=\"summary_large_image\" \/>\n<meta name=\"twitter:label1\" content=\"Dur\u00e9e de lecture estim\u00e9e\" \/>\n\t<meta name=\"twitter:data1\" content=\"1 minute\" \/>\n<script type=\"application\/ld+json\" class=\"yoast-schema-graph\">{\"@context\":\"https:\\\/\\\/schema.org\",\"@graph\":[{\"@type\":\"WebPage\",\"@id\":\"https:\\\/\\\/sanomedrezum.com\\\/fr\\\/demande-de-prix\\\/\",\"url\":\"https:\\\/\\\/sanomedrezum.com\\\/fr\\\/demande-de-prix\\\/\",\"name\":\"Co\u00fbt de la th\u00e9rapie Rez\u016bm pour l'HBP - Montr\u00e9al, Qu\u00e9bec\",\"isPartOf\":{\"@id\":\"https:\\\/\\\/sanomedrezum.com\\\/#website\"},\"datePublished\":\"2020-01-07T20:34:17+00:00\",\"dateModified\":\"2024-09-19T18:13:15+00:00\",\"description\":\"Confirmez le co\u00fbt d'une proc\u00e9dure REZUM pour l'HBP \u00e0 la clinique de la prostate SanoMed \u00e0 Montr\u00e9al, sp\u00e9cialistes des derni\u00e8res th\u00e9rapies MIST.\",\"breadcrumb\":{\"@id\":\"https:\\\/\\\/sanomedrezum.com\\\/fr\\\/demande-de-prix\\\/#breadcrumb\"},\"inLanguage\":\"fr-FR\",\"potentialAction\":[{\"@type\":\"ReadAction\",\"target\":[\"https:\\\/\\\/sanomedrezum.com\\\/fr\\\/demande-de-prix\\\/\"]}]},{\"@type\":\"BreadcrumbList\",\"@id\":\"https:\\\/\\\/sanomedrezum.com\\\/fr\\\/demande-de-prix\\\/#breadcrumb\",\"itemListElement\":[{\"@type\":\"ListItem\",\"position\":1,\"name\":\"Home\",\"item\":\"https:\\\/\\\/sanomedrezum.com\\\/\"},{\"@type\":\"ListItem\",\"position\":2,\"name\":\"Demande de prix\"}]},{\"@type\":\"WebSite\",\"@id\":\"https:\\\/\\\/sanomedrezum.com\\\/#website\",\"url\":\"https:\\\/\\\/sanomedrezum.com\\\/\",\"name\":\"Sanomed Rez\u016bm\",\"description\":\"Sanomed Rezum\",\"publisher\":{\"@id\":\"https:\\\/\\\/sanomedrezum.com\\\/#organization\"},\"potentialAction\":[{\"@type\":\"SearchAction\",\"target\":{\"@type\":\"EntryPoint\",\"urlTemplate\":\"https:\\\/\\\/sanomedrezum.com\\\/?s={search_term_string}\"},\"query-input\":{\"@type\":\"PropertyValueSpecification\",\"valueRequired\":true,\"valueName\":\"search_term_string\"}}],\"inLanguage\":\"fr-FR\"},{\"@type\":\"Organization\",\"@id\":\"https:\\\/\\\/sanomedrezum.com\\\/#organization\",\"name\":\"SanoMed Rez\u016bm\",\"url\":\"https:\\\/\\\/sanomedrezum.com\\\/\",\"logo\":{\"@type\":\"ImageObject\",\"inLanguage\":\"fr-FR\",\"@id\":\"https:\\\/\\\/sanomedrezum.com\\\/#\\\/schema\\\/logo\\\/image\\\/\",\"url\":\"https:\\\/\\\/sanomedrezum.com\\\/wp-content\\\/uploads\\\/2019\\\/07\\\/sanomed-rezum-logo.png\",\"contentUrl\":\"https:\\\/\\\/sanomedrezum.com\\\/wp-content\\\/uploads\\\/2019\\\/07\\\/sanomed-rezum-logo.png\",\"width\":474,\"height\":137,\"caption\":\"SanoMed Rez\u016bm\"},\"image\":{\"@id\":\"https:\\\/\\\/sanomedrezum.com\\\/#\\\/schema\\\/logo\\\/image\\\/\"}}]}<\/script>\n<!-- \/ Yoast SEO plugin. -->","yoast_head_json":{"title":"Co\u00fbt de la th\u00e9rapie Rez\u016bm pour l'HBP - Montr\u00e9al, Qu\u00e9bec","description":"Confirmez le co\u00fbt d'une proc\u00e9dure REZUM pour l'HBP \u00e0 la clinique de la prostate SanoMed \u00e0 Montr\u00e9al, sp\u00e9cialistes des derni\u00e8res th\u00e9rapies MIST.","robots":{"index":"index","follow":"follow","max-snippet":"max-snippet:-1","max-image-preview":"max-image-preview:large","max-video-preview":"max-video-preview:-1"},"canonical":"https:\/\/sanomedrezum.com\/fr\/demande-de-prix\/","og_locale":"fr_FR","og_type":"article","og_title":"Co\u00fbt de la th\u00e9rapie Rez\u016bm pour l'HBP - Montr\u00e9al, Qu\u00e9bec","og_description":"Confirmez le co\u00fbt d'une proc\u00e9dure REZUM pour l'HBP \u00e0 la clinique de la prostate SanoMed \u00e0 Montr\u00e9al, sp\u00e9cialistes des derni\u00e8res th\u00e9rapies MIST.","og_url":"https:\/\/sanomedrezum.com\/fr\/demande-de-prix\/","og_site_name":"Sanomed Rezum","article_modified_time":"2024-09-19T18:13:15+00:00","twitter_card":"summary_large_image","twitter_misc":{"Dur\u00e9e de lecture estim\u00e9e":"1 minute"},"schema":{"@context":"https:\/\/schema.org","@graph":[{"@type":"WebPage","@id":"https:\/\/sanomedrezum.com\/fr\/demande-de-prix\/","url":"https:\/\/sanomedrezum.com\/fr\/demande-de-prix\/","name":"Co\u00fbt de la th\u00e9rapie Rez\u016bm pour l'HBP - Montr\u00e9al, Qu\u00e9bec","isPartOf":{"@id":"https:\/\/sanomedrezum.com\/#website"},"datePublished":"2020-01-07T20:34:17+00:00","dateModified":"2024-09-19T18:13:15+00:00","description":"Confirmez le co\u00fbt d'une proc\u00e9dure REZUM pour l'HBP \u00e0 la clinique de la prostate SanoMed \u00e0 Montr\u00e9al, sp\u00e9cialistes des derni\u00e8res th\u00e9rapies MIST.","breadcrumb":{"@id":"https:\/\/sanomedrezum.com\/fr\/demande-de-prix\/#breadcrumb"},"inLanguage":"fr-FR","potentialAction":[{"@type":"ReadAction","target":["https:\/\/sanomedrezum.com\/fr\/demande-de-prix\/"]}]},{"@type":"BreadcrumbList","@id":"https:\/\/sanomedrezum.com\/fr\/demande-de-prix\/#breadcrumb","itemListElement":[{"@type":"ListItem","position":1,"name":"Home","item":"https:\/\/sanomedrezum.com\/"},{"@type":"ListItem","position":2,"name":"Demande de prix"}]},{"@type":"WebSite","@id":"https:\/\/sanomedrezum.com\/#website","url":"https:\/\/sanomedrezum.com\/","name":"Sanomed Rez\u016bm","description":"Sanomed Rezum","publisher":{"@id":"https:\/\/sanomedrezum.com\/#organization"},"potentialAction":[{"@type":"SearchAction","target":{"@type":"EntryPoint","urlTemplate":"https:\/\/sanomedrezum.com\/?s={search_term_string}"},"query-input":{"@type":"PropertyValueSpecification","valueRequired":true,"valueName":"search_term_string"}}],"inLanguage":"fr-FR"},{"@type":"Organization","@id":"https:\/\/sanomedrezum.com\/#organization","name":"SanoMed Rez\u016bm","url":"https:\/\/sanomedrezum.com\/","logo":{"@type":"ImageObject","inLanguage":"fr-FR","@id":"https:\/\/sanomedrezum.com\/#\/schema\/logo\/image\/","url":"https:\/\/sanomedrezum.com\/wp-content\/uploads\/2019\/07\/sanomed-rezum-logo.png","contentUrl":"https:\/\/sanomedrezum.com\/wp-content\/uploads\/2019\/07\/sanomed-rezum-logo.png","width":474,"height":137,"caption":"SanoMed Rez\u016bm"},"image":{"@id":"https:\/\/sanomedrezum.com\/#\/schema\/logo\/image\/"}}]}},"_links":{"self":[{"href":"https:\/\/sanomedrezum.com\/fr\/wp-json\/wp\/v2\/pages\/947","targetHints":{"allow":["GET"]}}],"collection":[{"href":"https:\/\/sanomedrezum.com\/fr\/wp-json\/wp\/v2\/pages"}],"about":[{"href":"https:\/\/sanomedrezum.com\/fr\/wp-json\/wp\/v2\/types\/page"}],"author":[{"embeddable":true,"href":"https:\/\/sanomedrezum.com\/fr\/wp-json\/wp\/v2\/users\/1"}],"replies":[{"embeddable":true,"href":"https:\/\/sanomedrezum.com\/fr\/wp-json\/wp\/v2\/comments?post=947"}],"version-history":[{"count":18,"href":"https:\/\/sanomedrezum.com\/fr\/wp-json\/wp\/v2\/pages\/947\/revisions"}],"predecessor-version":[{"id":3394,"href":"https:\/\/sanomedrezum.com\/fr\/wp-json\/wp\/v2\/pages\/947\/revisions\/3394"}],"wp:attachment":[{"href":"https:\/\/sanomedrezum.com\/fr\/wp-json\/wp\/v2\/media?parent=947"}],"curies":[{"name":"wp","href":"https:\/\/api.w.org\/{rel}","templated":true}]}}